{"id":5568,"date":"2025-06-20T09:09:47","date_gmt":"2025-06-20T09:09:47","guid":{"rendered":"https:\/\/paginamea.ro\/rastartech\/?page_id=5568"},"modified":"2025-06-20T09:21:40","modified_gmt":"2025-06-20T09:21:40","slug":"ventilatoare-axiale","status":"publish","type":"page","link":"https:\/\/paginamea.ro\/rastartech\/ventilatoare-axiale\/","title":{"rendered":"Ventilatoare axiale"},"content":{"rendered":"\t\t<div data-elementor-type=\"wp-page\" data-elementor-id=\"5568\" class=\"elementor elementor-5568\">\n\t\t\t\t\t\t<section class=\"elementor-section elementor-top-section elementor-element elementor-element-326efc0a tm-column-break-ipad-yes elementor-section-stretched elementor-section-content-middle tm-col-stretched-none elementor-section-boxed elementor-section-height-default elementor-section-height-default\" data-id=\"326efc0a\" data-element_type=\"section\" data-settings=\"{&quot;stretch_section&quot;:&quot;section-stretched&quot;,&quot;ekit_has_onepagescroll_dot&quot;:&quot;yes&quot;}\">\n\t\t\t\t\t\t<div class=\"elementor-container elementor-column-gap-default\">\n\t\t\t\t\t<div class=\"elementor-column elementor-col-33 elementor-top-column elementor-element elementor-element-5f2b9668\" data-id=\"5f2b9668\" data-element_type=\"column\">\n\t\t\t<div class=\"elementor-widget-wrap elementor-element-populated\">\n\t\t\t\t\t\t<div class=\"elementor-element elementor-element-571ec1af elementor-widget elementor-widget-image\" data-id=\"571ec1af\" data-element_type=\"widget\" data-settings=\"{&quot;ekit_we_effect_on&quot;:&quot;none&quot;}\" data-widget_type=\"image.default\">\n\t\t\t\t<div class=\"elementor-widget-container\">\n\t\t\t\t\t\t\t\t\t\t\t\t\t\t\t<img fetchpriority=\"high\" decoding=\"async\" width=\"350\" height=\"350\" src=\"https:\/\/paginamea.ro\/rastartech\/wp-content\/uploads\/2025\/06\/axiale-3.jpg\" class=\"attachment-full size-full wp-image-5577\" alt=\"\" srcset=\"https:\/\/paginamea.ro\/rastartech\/wp-content\/uploads\/2025\/06\/axiale-3.jpg 350w, https:\/\/paginamea.ro\/rastartech\/wp-content\/uploads\/2025\/06\/axiale-3-300x300.jpg 300w, https:\/\/paginamea.ro\/rastartech\/wp-content\/uploads\/2025\/06\/axiale-3-150x150.jpg 150w\" sizes=\"(max-width: 350px) 100vw, 350px\" data-id=\"5577\" \/>\t\t\t\t\t\t\t\t\t\t\t\t\t\t\t<\/div>\n\t\t\t\t<\/div>\n\t\t\t\t\t<\/div>\n\t\t<\/div>\n\t\t\t\t<div class=\"elementor-column elementor-col-66 elementor-top-column elementor-element elementor-element-18abc3fb\" data-id=\"18abc3fb\" data-element_type=\"column\">\n\t\t\t<div class=\"elementor-widget-wrap elementor-element-populated\">\n\t\t\t\t\t\t<div class=\"elementor-element elementor-element-5946ed45 elementor-widget elementor-widget-text-editor\" data-id=\"5946ed45\" data-element_type=\"widget\" data-settings=\"{&quot;ekit_we_effect_on&quot;:&quot;none&quot;}\" data-widget_type=\"text-editor.default\">\n\t\t\t\t<div class=\"elementor-widget-container\">\n\t\t\t\t\t\t\t\t\t<div><p>Ventilatoarele din aceste serii sunt potrivite pentru aspirarea aerului curat \u015fi sunt utilizate \u00een principal \u00een instala\u0163iile de ventila\u0163ie \u015fi uscare, at\u00e2t civile c\u00e2t \u015fi industriale, \u00een instala\u0163ii de vopsit, pentru r\u0103cirea materialelor, \u00een sistemele de extragere a fumului, ca componenta a schimb\u0103toarelor de c\u0103ldur\u0103, aerotermelor, camerelor frigorifice \u015fi \u00een general c\u00e2nd se solicit\u0103 transportul unor cantit\u0103\u0163i mari de aer cu presiune joas\u0103. \u00cen execu\u021bia standard, temperatura fluidului aspirat nu trebuie s\u0103 dep\u0103\u0219easc\u0103 60\u00b0C.<\/p><p><strong>Detalii tehnice<\/strong><\/p><p>Carcas\u0103adin tabl\u0103 de o\u0163el cu flan\u015fe sudate complet\u0103 cu plac\u0103 de sus\u0163inere a motorului, rotor cu palete profilate din aluminiu turnat sub presiune sau din materiale plastice compozite.<\/p><div><p><strong>Interval de operare:<\/strong><\/p><p>Pt = 4 &#8211; 100 mm. H2O ; Q = 1.300 &#8211; 150.000 mc\/h<\/p><\/div><\/div>\t\t\t\t\t\t\t\t<\/div>\n\t\t\t\t<\/div>\n\t\t\t\t\t<\/div>\n\t\t<\/div>\n\t\t\t\t\t<\/div>\n\t\t<\/section>\n\t\t\t\t<section class=\"elementor-section elementor-top-section elementor-element elementor-element-7ed25e1 tm-column-break-ipad-yes elementor-section-stretched tm-col-stretched-none elementor-section-boxed elementor-section-height-default elementor-section-height-default\" data-id=\"7ed25e1\" data-element_type=\"section\" data-settings=\"{&quot;stretch_section&quot;:&quot;section-stretched&quot;,&quot;background_background&quot;:&quot;classic&quot;,&quot;ekit_has_onepagescroll_dot&quot;:&quot;yes&quot;}\">\n\t\t\t\t\t\t\t<div class=\"elementor-background-overlay\"><\/div>\n\t\t\t\t\t\t\t<div class=\"elementor-container elementor-column-gap-default\">\n\t\t\t\t\t<div class=\"elementor-column elementor-col-100 elementor-top-column elementor-element elementor-element-5cf9e3c7\" data-id=\"5cf9e3c7\" data-element_type=\"column\">\n\t\t\t<div class=\"elementor-widget-wrap elementor-element-populated\">\n\t\t\t\t\t\t<section class=\"elementor-section elementor-inner-section elementor-element elementor-element-3329dffb tm-col-padding-zero-991 tm-column-break-ipad-no tm-col-stretched-none elementor-section-boxed elementor-section-height-default elementor-section-height-default\" data-id=\"3329dffb\" data-element_type=\"section\" data-settings=\"{&quot;ekit_has_onepagescroll_dot&quot;:&quot;yes&quot;}\">\n\t\t\t\t\t\t<div class=\"elementor-container elementor-column-gap-default\">\n\t\t\t\t\t<div class=\"elementor-column elementor-col-100 elementor-inner-column elementor-element elementor-element-9ffb56c\" data-id=\"9ffb56c\" data-element_type=\"column\">\n\t\t\t<div class=\"elementor-widget-wrap elementor-element-populated\">\n\t\t\t\t\t\t<div class=\"elementor-element elementor-element-173f6898 tm-align-center elementor-widget elementor-widget-tm_heading\" data-id=\"173f6898\" data-element_type=\"widget\" data-settings=\"{&quot;ekit_we_effect_on&quot;:&quot;none&quot;}\" data-widget_type=\"tm_heading.default\">\n\t\t\t\t<div class=\"elementor-widget-container\">\n\t\t\t\t\t<div class=\"tm-element-heading-content-wrapper center-align tm-reverse-heading-yes tm-seperator-solid tm-content-with-desc tm-heading-style-vertical \"><div class=\"tm-content-header\"><h2 class=\"tm-element-content-heading tm-custom-heading \">\n\t\t\t\tExecu\u021bie\n\n\t\t\t<\/h2>\n\t\t<div class=\"heading-seperator\"><span><\/span><\/div><\/div><div class=\"tm-element-content-desctxt\">Ventilatoarele acestor serii sunt echipate cu motoare electrice asincrone trifazate conform standardelor UNEL-MEC cuplate direct sau prin transmisie la rotor. Ele pot fi construite cu rotire \u00een sensul acelor de ceasornic sau \u00een sens invers acelor de ceasornic, aspirare sau suflare. La cerere poate fi furnizat motor electric monofazat p\u00e2n\u0103 la dimensiunea 90. \n<\/div><\/div>\t\t\t\t<\/div>\n\t\t\t\t<\/div>\n\t\t\t\t<div class=\"elementor-element elementor-element-3456618 tm-align-center elementor-widget elementor-widget-tm_heading\" data-id=\"3456618\" data-element_type=\"widget\" data-settings=\"{&quot;ekit_we_effect_on&quot;:&quot;none&quot;}\" data-widget_type=\"tm_heading.default\">\n\t\t\t\t<div class=\"elementor-widget-container\">\n\t\t\t\t\t<div class=\"tm-element-heading-content-wrapper center-align tm-reverse-heading-yes tm-seperator-solid tm-content-with-desc tm-heading-style-vertical \"><div class=\"tm-content-header\"><h2 class=\"tm-element-content-heading tm-custom-heading \">\n\t\t\t\tExecu\u021bie special\u0103\n\n\t\t\t<\/h2>\n\t\t<div class=\"heading-seperator\"><span><\/span><\/div><\/div><div class=\"tm-element-content-desctxt\">Pentru toate ventilatoarele din aceste game pot fi posibile execu\u0163ii speciale, cum ar fi construc\u0163ia pentru temperaturi ridicate \u015fi execu\u0163ia ATEX pentru zonele 1-21 sau 2-22.\n<\/div><\/div>\t\t\t\t<\/div>\n\t\t\t\t<\/div>\n\t\t\t\t\t<\/div>\n\t\t<\/div>\n\t\t\t\t\t<\/div>\n\t\t<\/section>\n\t\t\t\t<section class=\"elementor-section elementor-inner-section elementor-element elementor-element-7e9d1b90 tm-column-break-ipad-no tm-col-stretched-none elementor-section-boxed elementor-section-height-default elementor-section-height-default\" data-id=\"7e9d1b90\" data-element_type=\"section\" data-settings=\"{&quot;ekit_has_onepagescroll_dot&quot;:&quot;yes&quot;}\">\n\t\t\t\t\t\t<div class=\"elementor-container elementor-column-gap-default\">\n\t\t\t\t\t<div class=\"elementor-column elementor-col-33 elementor-inner-column elementor-element elementor-element-2f3748dd\" data-id=\"2f3748dd\" data-element_type=\"column\">\n\t\t\t<div class=\"elementor-widget-wrap elementor-element-populated\">\n\t\t\t\t\t\t<div class=\"elementor-element elementor-element-5d651c8 elementor-widget elementor-widget-image\" data-id=\"5d651c8\" data-element_type=\"widget\" data-settings=\"{&quot;ekit_we_effect_on&quot;:&quot;none&quot;}\" data-widget_type=\"image.default\">\n\t\t\t\t<div class=\"elementor-widget-container\">\n\t\t\t\t\t\t\t\t\t\t\t\t\t\t\t<img decoding=\"async\" width=\"350\" height=\"350\" src=\"https:\/\/paginamea.ro\/rastartech\/wp-content\/uploads\/2025\/06\/axiale-2.jpg\" class=\"attachment-large size-large wp-image-5576\" alt=\"\" srcset=\"https:\/\/paginamea.ro\/rastartech\/wp-content\/uploads\/2025\/06\/axiale-2.jpg 350w, https:\/\/paginamea.ro\/rastartech\/wp-content\/uploads\/2025\/06\/axiale-2-300x300.jpg 300w, https:\/\/paginamea.ro\/rastartech\/wp-content\/uploads\/2025\/06\/axiale-2-150x150.jpg 150w\" sizes=\"(max-width: 350px) 100vw, 350px\" data-id=\"5576\" \/>\t\t\t\t\t\t\t\t\t\t\t\t\t\t\t<\/div>\n\t\t\t\t<\/div>\n\t\t\t\t\t<\/div>\n\t\t<\/div>\n\t\t\t\t<div class=\"elementor-column elementor-col-66 elementor-inner-column elementor-element elementor-element-4abf0070\" data-id=\"4abf0070\" data-element_type=\"column\">\n\t\t\t<div class=\"elementor-widget-wrap elementor-element-populated\">\n\t\t\t\t\t\t<div class=\"elementor-element elementor-element-fe3f6c2 elementor-widget elementor-widget-image\" data-id=\"fe3f6c2\" data-element_type=\"widget\" data-settings=\"{&quot;ekit_we_effect_on&quot;:&quot;none&quot;}\" data-widget_type=\"image.default\">\n\t\t\t\t<div class=\"elementor-widget-container\">\n\t\t\t\t\t\t\t\t\t\t\t\t\t\t\t<img decoding=\"async\" width=\"350\" height=\"350\" src=\"https:\/\/paginamea.ro\/rastartech\/wp-content\/uploads\/2025\/06\/axiale-1.jpg\" class=\"attachment-large size-large wp-image-5575\" alt=\"\" srcset=\"https:\/\/paginamea.ro\/rastartech\/wp-content\/uploads\/2025\/06\/axiale-1.jpg 350w, https:\/\/paginamea.ro\/rastartech\/wp-content\/uploads\/2025\/06\/axiale-1-300x300.jpg 300w, https:\/\/paginamea.ro\/rastartech\/wp-content\/uploads\/2025\/06\/axiale-1-150x150.jpg 150w\" sizes=\"(max-width: 350px) 100vw, 350px\" data-id=\"5575\" \/>\t\t\t\t\t\t\t\t\t\t\t\t\t\t\t<\/div>\n\t\t\t\t<\/div>\n\t\t\t\t\t<\/div>\n\t\t<\/div>\n\t\t\t\t\t<\/div>\n\t\t<\/section>\n\t\t\t\t\t<\/div>\n\t\t<\/div>\n\t\t\t\t\t<\/div>\n\t\t<\/section>\n\t\t\t\t<\/div>\n\t\t","protected":false},"excerpt":{"rendered":"<p>Ventilatoarele din aceste serii sunt potrivite pentru aspirarea aerului curat \u015fi sunt utilizate \u00een principal \u00een instala\u0163iile de ventila\u0163ie \u015fi uscare, at\u00e2t civile c\u00e2t \u015fi industriale, \u00een instala\u0163ii de vopsit, pentru r\u0103cirea materialelor, \u00een sistemele de extragere a fumului, ca componenta a schimb\u0103toarelor de c\u0103ldur\u0103, aerotermelor, camerelor frigorifice \u015fi \u00een general c\u00e2nd se solicit\u0103 transportul &hellip; <a href=\"https:\/\/paginamea.ro\/rastartech\/ventilatoare-axiale\/\" class=\"more-link\">Continue reading <span class=\"screen-reader-text\">Ventilatoare axiale<\/span><\/a><\/p>\n","protected":false},"author":1,"featured_media":0,"parent":0,"menu_order":0,"comment_status":"closed","ping_status":"closed","template":"","meta":{"footnotes":""},"class_list":["post-5568","page","type-page","status-publish","hentry"],"_links":{"self":[{"href":"https:\/\/paginamea.ro\/rastartech\/wp-json\/wp\/v2\/pages\/5568","targetHints":{"allow":["GET"]}}],"collection":[{"href":"https:\/\/paginamea.ro\/rastartech\/wp-json\/wp\/v2\/pages"}],"about":[{"href":"https:\/\/paginamea.ro\/rastartech\/wp-json\/wp\/v2\/types\/page"}],"author":[{"embeddable":true,"href":"https:\/\/paginamea.ro\/rastartech\/wp-json\/wp\/v2\/users\/1"}],"replies":[{"embeddable":true,"href":"https:\/\/paginamea.ro\/rastartech\/wp-json\/wp\/v2\/comments?post=5568"}],"version-history":[{"count":4,"href":"https:\/\/paginamea.ro\/rastartech\/wp-json\/wp\/v2\/pages\/5568\/revisions"}],"predecessor-version":[{"id":5580,"href":"https:\/\/paginamea.ro\/rastartech\/wp-json\/wp\/v2\/pages\/5568\/revisions\/5580"}],"wp:attachment":[{"href":"https:\/\/paginamea.ro\/rastartech\/wp-json\/wp\/v2\/media?parent=5568"}],"curies":[{"name":"wp","href":"https:\/\/api.w.org\/{rel}","templated":true}]}}