{"id":5593,"date":"2025-06-20T09:37:34","date_gmt":"2025-06-20T09:37:34","guid":{"rendered":"https:\/\/paginamea.ro\/rastartech\/?page_id=5593"},"modified":"2025-06-20T09:52:33","modified_gmt":"2025-06-20T09:52:33","slug":"ventilatoare-de-acoperis","status":"publish","type":"page","link":"https:\/\/paginamea.ro\/rastartech\/ventilatoare-de-acoperis\/","title":{"rendered":"Ventilatoare de acoperi\u015f"},"content":{"rendered":"\t\t<div data-elementor-type=\"wp-page\" data-elementor-id=\"5593\" class=\"elementor elementor-5593\">\n\t\t\t\t\t\t<section class=\"elementor-section elementor-top-section elementor-element elementor-element-326efc0a tm-column-break-ipad-yes elementor-section-stretched elementor-section-content-middle tm-col-stretched-none elementor-section-boxed elementor-section-height-default elementor-section-height-default\" data-id=\"326efc0a\" data-element_type=\"section\" data-settings=\"{&quot;stretch_section&quot;:&quot;section-stretched&quot;,&quot;ekit_has_onepagescroll_dot&quot;:&quot;yes&quot;}\">\n\t\t\t\t\t\t<div class=\"elementor-container elementor-column-gap-default\">\n\t\t\t\t\t<div class=\"elementor-column elementor-col-33 elementor-top-column elementor-element elementor-element-5f2b9668\" data-id=\"5f2b9668\" data-element_type=\"column\">\n\t\t\t<div class=\"elementor-widget-wrap elementor-element-populated\">\n\t\t\t\t\t\t<div class=\"elementor-element elementor-element-571ec1af elementor-widget elementor-widget-image\" data-id=\"571ec1af\" data-element_type=\"widget\" data-settings=\"{&quot;ekit_we_effect_on&quot;:&quot;none&quot;}\" data-widget_type=\"image.default\">\n\t\t\t\t<div class=\"elementor-widget-container\">\n\t\t\t\t\t\t\t\t\t\t\t\t\t\t\t<img fetchpriority=\"high\" decoding=\"async\" width=\"350\" height=\"350\" src=\"https:\/\/paginamea.ro\/rastartech\/wp-content\/uploads\/2025\/06\/ventilatoare-de-acoperis-1.jpg\" class=\"attachment-full size-full wp-image-5595\" alt=\"\" srcset=\"https:\/\/paginamea.ro\/rastartech\/wp-content\/uploads\/2025\/06\/ventilatoare-de-acoperis-1.jpg 350w, https:\/\/paginamea.ro\/rastartech\/wp-content\/uploads\/2025\/06\/ventilatoare-de-acoperis-1-300x300.jpg 300w, https:\/\/paginamea.ro\/rastartech\/wp-content\/uploads\/2025\/06\/ventilatoare-de-acoperis-1-150x150.jpg 150w\" sizes=\"(max-width: 350px) 100vw, 350px\" data-id=\"5595\" \/>\t\t\t\t\t\t\t\t\t\t\t\t\t\t\t<\/div>\n\t\t\t\t<\/div>\n\t\t\t\t<div class=\"elementor-element elementor-element-72d832d elementor-widget elementor-widget-image\" data-id=\"72d832d\" data-element_type=\"widget\" data-settings=\"{&quot;ekit_we_effect_on&quot;:&quot;none&quot;}\" data-widget_type=\"image.default\">\n\t\t\t\t<div class=\"elementor-widget-container\">\n\t\t\t\t\t\t\t\t\t\t\t\t\t\t\t<img decoding=\"async\" width=\"350\" height=\"350\" src=\"https:\/\/paginamea.ro\/rastartech\/wp-content\/uploads\/2025\/06\/ventilatoare-de-acoperis-2.jpg\" class=\"attachment-full size-full wp-image-5596\" alt=\"\" srcset=\"https:\/\/paginamea.ro\/rastartech\/wp-content\/uploads\/2025\/06\/ventilatoare-de-acoperis-2.jpg 350w, https:\/\/paginamea.ro\/rastartech\/wp-content\/uploads\/2025\/06\/ventilatoare-de-acoperis-2-300x300.jpg 300w, https:\/\/paginamea.ro\/rastartech\/wp-content\/uploads\/2025\/06\/ventilatoare-de-acoperis-2-150x150.jpg 150w\" sizes=\"(max-width: 350px) 100vw, 350px\" data-id=\"5596\" \/>\t\t\t\t\t\t\t\t\t\t\t\t\t\t\t<\/div>\n\t\t\t\t<\/div>\n\t\t\t\t\t<\/div>\n\t\t<\/div>\n\t\t\t\t<div class=\"elementor-column elementor-col-66 elementor-top-column elementor-element elementor-element-18abc3fb\" data-id=\"18abc3fb\" data-element_type=\"column\">\n\t\t\t<div class=\"elementor-widget-wrap elementor-element-populated\">\n\t\t\t\t\t\t<div class=\"elementor-element elementor-element-5946ed45 elementor-widget elementor-widget-text-editor\" data-id=\"5946ed45\" data-element_type=\"widget\" data-settings=\"{&quot;ekit_we_effect_on&quot;:&quot;none&quot;}\" data-widget_type=\"text-editor.default\">\n\t\t\t\t<div class=\"elementor-widget-container\">\n\t\t\t\t\t\t\t\t\t<div><p>Ventilatoarele din aceast\u0103 serie sunt potrivite pentru aspirarea aerului curat sau u\u015for praf \u015fi sunt folosite \u00een principal pentru a asigura schimbarea aerului \u00een cl\u0103diri civile \u015fi industriale, b\u0103i, buc\u0103t\u0103rii, ateliere, garaje, s\u0103li de sport \u015fi \u00een general c\u00e2nd se solicit\u0103 transportul aerului prin conducte de aer. \u00cen execu\u021bia standard, temperatura fluidului aspirat nu trebuie s\u0103 dep\u0103\u0219easc\u0103 60\u00b0C.<\/p><p><strong>Detalii tehnice<\/strong><\/p><p>Baza din tabl\u0103 de o\u0163el zincat\u0103, capacul din materiale plastice ABS, rotor centrifugal cu palete inversate din tabl\u0103 de o\u0163el zincat, plas\u0103 \u00eempotriva p\u0103s\u0103rilor, evacuarea aerului este orizontal\u0103 sau vertical\u0103.<\/p><p><strong>Interval de operare<\/strong><\/p><p>Pt = 8 &#8211; 60 mm. H2O Q = 300 &#8211; 36.000 mc\/h<\/p><p><strong>Execu\u0163ie<\/strong><\/p><p>Ventilatoarele acestei serii sunt echipate cu motoare electrice asincrone trifazate conform standardelor UNEL-MEC cuplate direct la rotor. La cerere poate fi furnizat motor electric monofazat p\u00e2n\u0103 la dimensiunea 90.<\/p><p><strong>Execu\u021bie special\u0103<\/strong><\/p><p>Pentru toate ventilatoarele din aceast\u0103 gam\u0103 pot fi posibile execu\u0163ii speciale, cum ar fi construc\u0163ia pentru temperaturi ridicate \u015fi execu\u0163ia ATEX pentru zonele 1-21 sau 2-22.<\/p><\/div>\t\t\t\t\t\t\t\t<\/div>\n\t\t\t\t<\/div>\n\t\t\t\t\t<\/div>\n\t\t<\/div>\n\t\t\t\t\t<\/div>\n\t\t<\/section>\n\t\t\t\t<section class=\"elementor-section elementor-top-section elementor-element elementor-element-7ed25e1 tm-column-break-ipad-yes elementor-section-stretched tm-col-stretched-none elementor-section-boxed elementor-section-height-default elementor-section-height-default\" data-id=\"7ed25e1\" data-element_type=\"section\" data-settings=\"{&quot;stretch_section&quot;:&quot;section-stretched&quot;,&quot;background_background&quot;:&quot;classic&quot;,&quot;ekit_has_onepagescroll_dot&quot;:&quot;yes&quot;}\">\n\t\t\t\t\t\t\t<div class=\"elementor-background-overlay\"><\/div>\n\t\t\t\t\t\t\t<div class=\"elementor-container elementor-column-gap-default\">\n\t\t\t\t\t<div class=\"elementor-column elementor-col-100 elementor-top-column elementor-element elementor-element-5cf9e3c7\" data-id=\"5cf9e3c7\" data-element_type=\"column\">\n\t\t\t<div class=\"elementor-widget-wrap elementor-element-populated\">\n\t\t\t\t\t\t<section class=\"elementor-section elementor-inner-section elementor-element elementor-element-3329dffb tm-col-padding-zero-991 tm-column-break-ipad-no tm-col-stretched-none elementor-section-boxed elementor-section-height-default elementor-section-height-default\" data-id=\"3329dffb\" data-element_type=\"section\" data-settings=\"{&quot;ekit_has_onepagescroll_dot&quot;:&quot;yes&quot;}\">\n\t\t\t\t\t\t<div class=\"elementor-container elementor-column-gap-default\">\n\t\t\t\t\t<div class=\"elementor-column elementor-col-100 elementor-inner-column elementor-element elementor-element-9ffb56c\" data-id=\"9ffb56c\" data-element_type=\"column\">\n\t\t\t<div class=\"elementor-widget-wrap elementor-element-populated\">\n\t\t\t\t\t\t<div class=\"elementor-element elementor-element-fe3f6c2 elementor-widget elementor-widget-image\" data-id=\"fe3f6c2\" data-element_type=\"widget\" data-settings=\"{&quot;ekit_we_effect_on&quot;:&quot;none&quot;}\" data-widget_type=\"image.default\">\n\t\t\t\t<div class=\"elementor-widget-container\">\n\t\t\t\t\t\t\t\t\t\t\t\t\t\t\t<img decoding=\"async\" width=\"350\" height=\"350\" src=\"https:\/\/paginamea.ro\/rastartech\/wp-content\/uploads\/2025\/06\/ventilatoare-de-acoperis-3.jpg\" class=\"attachment-large size-large wp-image-5597\" alt=\"\" srcset=\"https:\/\/paginamea.ro\/rastartech\/wp-content\/uploads\/2025\/06\/ventilatoare-de-acoperis-3.jpg 350w, https:\/\/paginamea.ro\/rastartech\/wp-content\/uploads\/2025\/06\/ventilatoare-de-acoperis-3-300x300.jpg 300w, https:\/\/paginamea.ro\/rastartech\/wp-content\/uploads\/2025\/06\/ventilatoare-de-acoperis-3-150x150.jpg 150w\" sizes=\"(max-width: 350px) 100vw, 350px\" data-id=\"5597\" \/>\t\t\t\t\t\t\t\t\t\t\t\t\t\t\t<\/div>\n\t\t\t\t<\/div>\n\t\t\t\t\t<\/div>\n\t\t<\/div>\n\t\t\t\t\t<\/div>\n\t\t<\/section>\n\t\t\t\t\t<\/div>\n\t\t<\/div>\n\t\t\t\t\t<\/div>\n\t\t<\/section>\n\t\t\t\t<\/div>\n\t\t","protected":false},"excerpt":{"rendered":"<p>Ventilatoarele din aceast\u0103 serie sunt potrivite pentru aspirarea aerului curat sau u\u015for praf \u015fi sunt folosite \u00een principal pentru a asigura schimbarea aerului \u00een cl\u0103diri civile \u015fi industriale, b\u0103i, buc\u0103t\u0103rii, ateliere, garaje, s\u0103li de sport \u015fi \u00een general c\u00e2nd se solicit\u0103 transportul aerului prin conducte de aer. \u00cen execu\u021bia standard, temperatura fluidului aspirat nu trebuie &hellip; <a href=\"https:\/\/paginamea.ro\/rastartech\/ventilatoare-de-acoperis\/\" class=\"more-link\">Continue reading <span class=\"screen-reader-text\">Ventilatoare de acoperi\u015f<\/span><\/a><\/p>\n","protected":false},"author":1,"featured_media":0,"parent":0,"menu_order":0,"comment_status":"closed","ping_status":"closed","template":"","meta":{"footnotes":""},"class_list":["post-5593","page","type-page","status-publish","hentry"],"_links":{"self":[{"href":"https:\/\/paginamea.ro\/rastartech\/wp-json\/wp\/v2\/pages\/5593","targetHints":{"allow":["GET"]}}],"collection":[{"href":"https:\/\/paginamea.ro\/rastartech\/wp-json\/wp\/v2\/pages"}],"about":[{"href":"https:\/\/paginamea.ro\/rastartech\/wp-json\/wp\/v2\/types\/page"}],"author":[{"embeddable":true,"href":"https:\/\/paginamea.ro\/rastartech\/wp-json\/wp\/v2\/users\/1"}],"replies":[{"embeddable":true,"href":"https:\/\/paginamea.ro\/rastartech\/wp-json\/wp\/v2\/comments?post=5593"}],"version-history":[{"count":4,"href":"https:\/\/paginamea.ro\/rastartech\/wp-json\/wp\/v2\/pages\/5593\/revisions"}],"predecessor-version":[{"id":5600,"href":"https:\/\/paginamea.ro\/rastartech\/wp-json\/wp\/v2\/pages\/5593\/revisions\/5600"}],"wp:attachment":[{"href":"https:\/\/paginamea.ro\/rastartech\/wp-json\/wp\/v2\/media?parent=5593"}],"curies":[{"name":"wp","href":"https:\/\/api.w.org\/{rel}","templated":true}]}}