{"id":1969,"date":"2025-07-08T12:57:23","date_gmt":"2025-07-08T12:57:23","guid":{"rendered":"https:\/\/elementor-kits-06.nicdark.com\/?page_id=1969"},"modified":"2026-03-24T16:26:36","modified_gmt":"2026-03-24T14:26:36","slug":"despre-noi","status":"publish","type":"page","link":"https:\/\/paginamea.ro\/zitaquality\/despre-noi\/","title":{"rendered":"Despre noi"},"content":{"rendered":"\t\t<div data-elementor-type=\"wp-page\" data-elementor-id=\"1969\" class=\"elementor elementor-1969\" data-elementor-post-type=\"page\">\n\t\t\t\t<div class=\"elementor-element elementor-element-7df763a6 e-flex e-con-boxed e-con e-parent\" data-id=\"7df763a6\" data-element_type=\"container\" data-e-type=\"container\" data-settings=\"{&quot;background_background&quot;:&quot;classic&quot;,&quot;shape_divider_bottom&quot;:&quot;waves&quot;}\">\n\t\t\t\t\t<div class=\"e-con-inner\">\n\t\t\t\t<div class=\"elementor-shape elementor-shape-bottom\" aria-hidden=\"true\" data-negative=\"false\">\n\t\t\t<svg xmlns=\"http:\/\/www.w3.org\/2000\/svg\" viewBox=\"0 0 1000 100\" preserveAspectRatio=\"none\">\n\t<path class=\"elementor-shape-fill\" d=\"M421.9,6.5c22.6-2.5,51.5,0.4,75.5,5.3c23.6,4.9,70.9,23.5,100.5,35.7c75.8,32.2,133.7,44.5,192.6,49.7\n\tc23.6,2.1,48.7,3.5,103.4-2.5c54.7-6,106.2-25.6,106.2-25.6V0H0v30.3c0,0,72,32.6,158.4,30.5c39.2-0.7,92.8-6.7,134-22.4\n\tc21.2-8.1,52.2-18.2,79.7-24.2C399.3,7.9,411.6,7.5,421.9,6.5z\"\/>\n<\/svg>\t\t<\/div>\n\t\t<div class=\"elementor-element elementor-element-472cc302 e-con-full e-flex elementor-invisible e-con e-child\" data-id=\"472cc302\" data-element_type=\"container\" data-e-type=\"container\" data-settings=\"{&quot;animation&quot;:&quot;fadeInUp&quot;,&quot;animation_delay&quot;:&quot;200&quot;}\">\n\t\t\t\t<div class=\"elementor-element elementor-element-4a8811fa elementor-widget elementor-widget-heading\" data-id=\"4a8811fa\" data-element_type=\"widget\" data-e-type=\"widget\" data-widget_type=\"heading.default\">\n\t\t\t\t\t<h5 class=\"elementor-heading-title elementor-size-default\">Zita Quality Support Services | Arome \u0219i ingrediente pentru industria alimentar\u0103<\/h5>\t\t\t\t<\/div>\n\t\t\t\t<\/div>\n\t\t\t\t\t<\/div>\n\t\t\t\t<\/div>\n\t\t<div class=\"elementor-element elementor-element-30e1fd90 e-flex e-con-boxed e-con e-parent\" data-id=\"30e1fd90\" data-element_type=\"container\" data-e-type=\"container\" data-settings=\"{&quot;background_background&quot;:&quot;classic&quot;}\">\n\t\t\t\t\t<div class=\"e-con-inner\">\n\t\t<div class=\"elementor-element elementor-element-71d03af1 e-con-full e-flex e-con e-child\" data-id=\"71d03af1\" data-element_type=\"container\" data-e-type=\"container\">\n\t\t<div class=\"elementor-element elementor-element-2a6db290 e-flex e-con-boxed e-con e-child\" data-id=\"2a6db290\" data-element_type=\"container\" data-e-type=\"container\">\n\t\t\t\t\t<div class=\"e-con-inner\">\n\t\t\t\t<div class=\"elementor-element elementor-element-7343b824 elementor-invisible elementor-widget elementor-widget-image\" data-id=\"7343b824\" data-element_type=\"widget\" data-e-type=\"widget\" data-settings=\"{&quot;motion_fx_motion_fx_scrolling&quot;:&quot;yes&quot;,&quot;motion_fx_translateY_effect&quot;:&quot;yes&quot;,&quot;motion_fx_translateY_speed&quot;:{&quot;unit&quot;:&quot;px&quot;,&quot;size&quot;:&quot;2&quot;,&quot;sizes&quot;:[]},&quot;motion_fx_devices&quot;:[&quot;desktop&quot;],&quot;_animation&quot;:&quot;fadeIn&quot;,&quot;motion_fx_translateY_affectedRange&quot;:{&quot;unit&quot;:&quot;%&quot;,&quot;size&quot;:&quot;&quot;,&quot;sizes&quot;:{&quot;start&quot;:0,&quot;end&quot;:100}}}\" data-widget_type=\"image.default\">\n\t\t\t\t\t\t\t\t\t\t\t\t\t\t\t<img fetchpriority=\"high\" decoding=\"async\" width=\"721\" height=\"1024\" src=\"https:\/\/paginamea.ro\/zitaquality\/wp-content\/uploads\/2026\/03\/img36-721x1024.jpg\" class=\"attachment-large size-large wp-image-3119\" alt=\"\" srcset=\"https:\/\/paginamea.ro\/zitaquality\/wp-content\/uploads\/2026\/03\/img36-721x1024.jpg 721w, https:\/\/paginamea.ro\/zitaquality\/wp-content\/uploads\/2026\/03\/img36-211x300.jpg 211w, https:\/\/paginamea.ro\/zitaquality\/wp-content\/uploads\/2026\/03\/img36-768x1091.jpg 768w, https:\/\/paginamea.ro\/zitaquality\/wp-content\/uploads\/2026\/03\/img36.jpg 874w\" sizes=\"(max-width: 721px) 100vw, 721px\" \/>\t\t\t\t\t\t\t\t\t\t\t\t\t\t\t<\/div>\n\t\t\t\t\t<\/div>\n\t\t\t\t<\/div>\n\t\t<div class=\"elementor-element elementor-element-6765106a e-flex e-con-boxed e-con e-child\" data-id=\"6765106a\" data-element_type=\"container\" data-e-type=\"container\">\n\t\t\t\t\t<div class=\"e-con-inner\">\n\t\t\t\t<div class=\"elementor-element elementor-element-3ce49052 elementor-invisible elementor-widget elementor-widget-image\" data-id=\"3ce49052\" data-element_type=\"widget\" data-e-type=\"widget\" data-settings=\"{&quot;motion_fx_motion_fx_scrolling&quot;:&quot;yes&quot;,&quot;motion_fx_translateY_effect&quot;:&quot;yes&quot;,&quot;motion_fx_translateY_direction&quot;:&quot;negative&quot;,&quot;motion_fx_translateY_speed&quot;:{&quot;unit&quot;:&quot;px&quot;,&quot;size&quot;:&quot;2&quot;,&quot;sizes&quot;:[]},&quot;motion_fx_devices&quot;:[&quot;desktop&quot;],&quot;_animation&quot;:&quot;fadeIn&quot;,&quot;motion_fx_translateY_affectedRange&quot;:{&quot;unit&quot;:&quot;%&quot;,&quot;size&quot;:&quot;&quot;,&quot;sizes&quot;:{&quot;start&quot;:0,&quot;end&quot;:100}}}\" data-widget_type=\"image.default\">\n\t\t\t\t\t\t\t\t\t\t\t\t\t\t\t<img decoding=\"async\" width=\"723\" height=\"1024\" src=\"https:\/\/paginamea.ro\/zitaquality\/wp-content\/uploads\/2026\/03\/img1705-723x1024.jpg\" class=\"attachment-large size-large wp-image-3118\" alt=\"\" srcset=\"https:\/\/paginamea.ro\/zitaquality\/wp-content\/uploads\/2026\/03\/img1705-723x1024.jpg 723w, https:\/\/paginamea.ro\/zitaquality\/wp-content\/uploads\/2026\/03\/img1705-212x300.jpg 212w, https:\/\/paginamea.ro\/zitaquality\/wp-content\/uploads\/2026\/03\/img1705-768x1088.jpg 768w, https:\/\/paginamea.ro\/zitaquality\/wp-content\/uploads\/2026\/03\/img1705.jpg 834w\" sizes=\"(max-width: 723px) 100vw, 723px\" \/>\t\t\t\t\t\t\t\t\t\t\t\t\t\t\t<\/div>\n\t\t\t\t\t<\/div>\n\t\t\t\t<\/div>\n\t\t\t\t<\/div>\n\t\t<div class=\"elementor-element elementor-element-382dd87c e-con-full e-flex elementor-invisible e-con e-child\" data-id=\"382dd87c\" data-element_type=\"container\" data-e-type=\"container\" data-settings=\"{&quot;animation&quot;:&quot;fadeIn&quot;}\">\n\t\t\t\t<div class=\"elementor-element elementor-element-1e936629 elementor-widget elementor-widget-heading\" data-id=\"1e936629\" data-element_type=\"widget\" data-e-type=\"widget\" data-widget_type=\"heading.default\">\n\t\t\t\t\t<h5 class=\"elementor-heading-title elementor-size-default\">Despre noi<\/h5>\t\t\t\t<\/div>\n\t\t\t\t<div class=\"elementor-element elementor-element-1bcb5fe8 elementor-widget elementor-widget-heading\" data-id=\"1bcb5fe8\" data-element_type=\"widget\" data-e-type=\"widget\" data-widget_type=\"heading.default\">\n\t\t\t\t\t<h2 class=\"elementor-heading-title elementor-size-default\">Descoper\u0103 mai multe despre activitatea noastr\u0103<\/h2>\t\t\t\t<\/div>\n\t\t\t\t<div class=\"elementor-element elementor-element-3d762a05 elementor-widget elementor-widget-heading\" data-id=\"3d762a05\" data-element_type=\"widget\" data-e-type=\"widget\" data-widget_type=\"heading.default\">\n\t\t\t\t\t<p class=\"elementor-heading-title elementor-size-default\">Zita Quality Support Services SRL a fost \u00eenfiin\u021bat\u0103 \u0219i \u0219i-a \u00eenceput activitatea \u00een anul 2011. Suntem o afacere de familie, la a 3-a genera\u021bie, av\u00e2nd ca fundament o solid\u0103 preg\u0103tire \u00een domeniu \u0219i principii solide de parteneriat \u00een dezvoltarea afacerii, at\u00e2t cu furnizorii, c\u00e2t \u0219i cu clien\u021bii no\u0219tri.<\/p>\t\t\t\t<\/div>\n\t\t\t\t<\/div>\n\t\t\t\t\t<\/div>\n\t\t\t\t<\/div>\n\t\t<div class=\"elementor-element elementor-element-2a41949b e-con-full e-flex e-con e-parent\" data-id=\"2a41949b\" data-element_type=\"container\" data-e-type=\"container\">\n\t\t<div class=\"elementor-element elementor-element-778af3bb e-con-full e-flex e-con e-child\" data-id=\"778af3bb\" data-element_type=\"container\" data-e-type=\"container\">\n\t\t<div class=\"elementor-element elementor-element-6b8c96c2 e-flex e-con-boxed e-con e-child\" data-id=\"6b8c96c2\" data-element_type=\"container\" data-e-type=\"container\" data-settings=\"{&quot;background_background&quot;:&quot;classic&quot;}\">\n\t\t\t\t\t<div class=\"e-con-inner\">\n\t\t\t\t<div class=\"elementor-element elementor-element-b428b5a elementor-widget elementor-widget-heading\" data-id=\"b428b5a\" data-element_type=\"widget\" data-e-type=\"widget\" data-widget_type=\"heading.default\">\n\t\t\t\t\t<h5 class=\"elementor-heading-title elementor-size-default\">Ce facem<\/h5>\t\t\t\t<\/div>\n\t\t\t\t<div class=\"elementor-element elementor-element-34cfd5c9 elementor-widget elementor-widget-heading\" data-id=\"34cfd5c9\" data-element_type=\"widget\" data-e-type=\"widget\" data-widget_type=\"heading.default\">\n\t\t\t\t\t<h2 class=\"elementor-heading-title elementor-size-default\">Solu\u021bii pentru industria alimentar\u0103<\/h2>\t\t\t\t<\/div>\n\t\t\t\t<div class=\"elementor-element elementor-element-240cd313 elementor-widget elementor-widget-heading\" data-id=\"240cd313\" data-element_type=\"widget\" data-e-type=\"widget\" data-widget_type=\"heading.default\">\n\t\t\t\t\t<p class=\"elementor-heading-title elementor-size-default\">Activitatea companiei const\u0103 at\u00e2t \u00een v\u00e2nzare \u0219i distribu\u021bie de produse, dar mai ales \u00een suport tehnic \u0219i consultan\u021b\u0103 de specialitate pentru dezvoltarea unor proiecte noi ale partenerilor companiei, prin integrarea \u00een re\u021betarele acestora a produselor pe care Zita Quality Support Services le comercializeaz\u0103.<\/p>\t\t\t\t<\/div>\n\t\t\t\t<div class=\"elementor-element elementor-element-3aadc684 elementor-tablet-align-center elementor-invisible elementor-widget elementor-widget-button\" data-id=\"3aadc684\" data-element_type=\"widget\" data-e-type=\"widget\" data-settings=\"{&quot;_animation&quot;:&quot;fadeInUp&quot;}\" data-widget_type=\"button.default\">\n\t\t\t\t\t\t\t\t\t\t<a class=\"elementor-button elementor-button-link elementor-size-sm elementor-animation-shrink\" href=\"https:\/\/paginamea.ro\/zitaquality\/produse\">\n\t\t\t\t\t\t<span class=\"elementor-button-content-wrapper\">\n\t\t\t\t\t\t\t\t\t<span class=\"elementor-button-text\">Afl\u0103 mai multe<\/span>\n\t\t\t\t\t<\/span>\n\t\t\t\t\t<\/a>\n\t\t\t\t\t\t\t\t<\/div>\n\t\t\t\t\t<\/div>\n\t\t\t\t<\/div>\n\t\t<div class=\"elementor-element elementor-element-6cffd652 e-flex e-con-boxed e-con e-child\" data-id=\"6cffd652\" data-element_type=\"container\" data-e-type=\"container\">\n\t\t\t\t\t<div class=\"e-con-inner\">\n\t\t<div class=\"elementor-element elementor-element-7da20ab6 e-flex e-con-boxed e-con e-child\" data-id=\"7da20ab6\" data-element_type=\"container\" data-e-type=\"container\" data-settings=\"{&quot;background_background&quot;:&quot;classic&quot;,&quot;background_motion_fx_motion_fx_scrolling&quot;:&quot;yes&quot;,&quot;background_motion_fx_translateX_effect&quot;:&quot;yes&quot;,&quot;background_motion_fx_translateX_direction&quot;:&quot;negative&quot;,&quot;background_motion_fx_translateX_speed&quot;:{&quot;unit&quot;:&quot;px&quot;,&quot;size&quot;:&quot;2&quot;,&quot;sizes&quot;:[]},&quot;background_motion_fx_devices&quot;:[&quot;desktop&quot;],&quot;background_motion_fx_translateX_affectedRange&quot;:{&quot;unit&quot;:&quot;%&quot;,&quot;size&quot;:&quot;&quot;,&quot;sizes&quot;:{&quot;start&quot;:0,&quot;end&quot;:100}}}\">\n\t\t\t\t\t<div class=\"e-con-inner\">\n\t\t\t\t\t<\/div>\n\t\t\t\t<\/div>\n\t\t<div class=\"elementor-element elementor-element-fc503e6 e-flex e-con-boxed e-con e-child\" data-id=\"fc503e6\" data-element_type=\"container\" data-e-type=\"container\">\n\t\t\t\t\t<div class=\"e-con-inner\">\n\t\t<div class=\"elementor-element elementor-element-22a7c9fc e-flex e-con-boxed elementor-invisible e-con e-child\" data-id=\"22a7c9fc\" data-element_type=\"container\" data-e-type=\"container\" data-settings=\"{&quot;background_background&quot;:&quot;classic&quot;,&quot;animation&quot;:&quot;fadeIn&quot;}\">\n\t\t\t\t\t<div class=\"e-con-inner\">\n\t\t\t\t<div class=\"elementor-element elementor-element-5221ca1c elementor-widget elementor-widget-heading\" data-id=\"5221ca1c\" data-element_type=\"widget\" data-e-type=\"widget\" data-widget_type=\"heading.default\">\n\t\t\t\t\t<p class=\"elementor-heading-title elementor-size-default\">Zita Quality Support Services SRL ac\u021bioneaz\u0103 \u00een calitate de distribuitor exclusiv \u00een Rom\u00e2nia pentru produsele unora dintre partenerii s\u0103i, dar \u0219i ca rev\u00e2nz\u0103tor pentru o larg\u0103 gam\u0103 de produse asimilate portofoliului.<\/p>\t\t\t\t<\/div>\n\t\t\t\t\t<\/div>\n\t\t\t\t<\/div>\n\t\t\t\t\t<\/div>\n\t\t\t\t<\/div>\n\t\t\t\t\t<\/div>\n\t\t\t\t<\/div>\n\t\t\t\t<\/div>\n\t\t<div class=\"elementor-element elementor-element-2640cd71 e-con-full e-flex e-con e-child\" data-id=\"2640cd71\" data-element_type=\"container\" data-e-type=\"container\" data-settings=\"{&quot;background_background&quot;:&quot;classic&quot;,&quot;background_motion_fx_motion_fx_scrolling&quot;:&quot;yes&quot;,&quot;background_motion_fx_scale_effect&quot;:&quot;yes&quot;,&quot;background_motion_fx_scale_speed&quot;:{&quot;unit&quot;:&quot;px&quot;,&quot;size&quot;:&quot;2&quot;,&quot;sizes&quot;:[]},&quot;background_motion_fx_devices&quot;:[&quot;desktop&quot;],&quot;background_motion_fx_scale_direction&quot;:&quot;out-in&quot;,&quot;background_motion_fx_scale_range&quot;:{&quot;unit&quot;:&quot;%&quot;,&quot;size&quot;:&quot;&quot;,&quot;sizes&quot;:{&quot;start&quot;:20,&quot;end&quot;:80}}}\">\n\t\t\t\t<\/div>\n\t\t\t\t<\/div>\n\t\t<div class=\"elementor-element elementor-element-9bf31ad e-flex e-con-boxed e-con e-parent\" data-id=\"9bf31ad\" data-element_type=\"container\" data-e-type=\"container\" data-settings=\"{&quot;background_background&quot;:&quot;classic&quot;}\">\n\t\t\t\t\t<div class=\"e-con-inner\">\n\t\t<div class=\"elementor-element elementor-element-19ed86c e-con-full e-flex e-con e-child\" data-id=\"19ed86c\" data-element_type=\"container\" data-e-type=\"container\">\n\t\t<div class=\"elementor-element elementor-element-b493e08 e-flex e-con-boxed e-con e-child\" data-id=\"b493e08\" data-element_type=\"container\" data-e-type=\"container\">\n\t\t\t\t\t<div class=\"e-con-inner\">\n\t\t\t\t<div class=\"elementor-element elementor-element-0220ba0 elementor-widget__width-initial elementor-widget elementor-widget-image\" data-id=\"0220ba0\" data-element_type=\"widget\" data-e-type=\"widget\" data-widget_type=\"image.default\">\n\t\t\t\t\t\t\t\t\t\t\t\t\t\t\t<img decoding=\"async\" width=\"532\" height=\"473\" src=\"https:\/\/paginamea.ro\/zitaquality\/wp-content\/uploads\/2026\/03\/cosphatec-logo.jpg\" class=\"attachment-large size-large wp-image-3249\" alt=\"\" srcset=\"https:\/\/paginamea.ro\/zitaquality\/wp-content\/uploads\/2026\/03\/cosphatec-logo.jpg 532w, https:\/\/paginamea.ro\/zitaquality\/wp-content\/uploads\/2026\/03\/cosphatec-logo-300x267.jpg 300w\" sizes=\"(max-width: 532px) 100vw, 532px\" \/>\t\t\t\t\t\t\t\t\t\t\t\t\t\t\t<\/div>\n\t\t\t\t<div class=\"elementor-element elementor-element-c8d3d39 elementor-widget elementor-widget-image\" data-id=\"c8d3d39\" data-element_type=\"widget\" data-e-type=\"widget\" data-widget_type=\"image.default\">\n\t\t\t\t\t\t\t\t\t\t\t\t\t\t\t<img loading=\"lazy\" decoding=\"async\" width=\"183\" height=\"275\" src=\"https:\/\/paginamea.ro\/zitaquality\/wp-content\/uploads\/2026\/03\/image-9.png\" class=\"attachment-large size-large wp-image-3266\" alt=\"\" \/>\t\t\t\t\t\t\t\t\t\t\t\t\t\t\t<\/div>\n\t\t\t\t\t<\/div>\n\t\t\t\t<\/div>\n\t\t\t\t<\/div>\n\t\t<div class=\"elementor-element elementor-element-925ffb6 e-con-full e-flex elementor-invisible e-con e-child\" data-id=\"925ffb6\" data-element_type=\"container\" data-e-type=\"container\" data-settings=\"{&quot;animation&quot;:&quot;fadeIn&quot;}\">\n\t\t\t\t<div class=\"elementor-element elementor-element-512858b elementor-widget elementor-widget-heading\" data-id=\"512858b\" data-element_type=\"widget\" data-e-type=\"widget\" data-widget_type=\"heading.default\">\n\t\t\t\t\t<h2 class=\"elementor-heading-title elementor-size-default\">Ingrediente pentru industria cosmetic\u0103 <\/h2>\t\t\t\t<\/div>\n\t\t\t\t<div class=\"elementor-element elementor-element-03b86ab elementor-widget elementor-widget-text-editor\" data-id=\"03b86ab\" data-element_type=\"widget\" data-e-type=\"widget\" data-widget_type=\"text-editor.default\">\n\t\t\t\t\t\t\t\t\t<p>Cosphatec, prin produsele sale care au la baza materii prime biodegradabile care provin din surse sustenabile \u0219i naturale,\u00a0are grij\u0103 at\u00e2t de toleran\u021ba pielii, c\u00e2t \u0219i de natur\u0103 \u00een acela\u0219i timp.\u00a0\u00a0<\/p><p>\u00a0<\/p><p>Acestea sunt testate conform celor mai \u00eenalte standarde de calitate germane pentru a garanta cel mai bun efect posibil asupra pielii.<\/p><p>\u00a0<\/p><p>Toate materiile prime sunt vegane\u00a0\u0219i nu con\u021bin OMG-uri.<\/p><p>\u00a0<\/p><p>Produsele principale din portofoliu\u00a0 sunt conforme cu COSMOS.\u00a0 \u00a0<\/p><p>\u00a0<\/p><p>Solicitati detalii si mostre si beneficia\u021bi de stabilitate natural\u0103 pentru cosmeticele moderne!<\/p>\t\t\t\t\t\t\t\t<\/div>\n\t\t\t\t<\/div>\n\t\t\t\t\t<\/div>\n\t\t\t\t<\/div>\n\t\t<div class=\"elementor-element elementor-element-409f245b e-flex e-con-boxed e-con e-parent\" data-id=\"409f245b\" data-element_type=\"container\" data-e-type=\"container\" data-settings=\"{&quot;background_background&quot;:&quot;classic&quot;}\">\n\t\t\t\t\t<div class=\"e-con-inner\">\n\t\t<div class=\"elementor-element elementor-element-2c21ea67 e-con-full e-flex elementor-invisible e-con e-child\" data-id=\"2c21ea67\" data-element_type=\"container\" data-e-type=\"container\" data-settings=\"{&quot;animation&quot;:&quot;fadeInUp&quot;}\">\n\t\t\t\t<div class=\"elementor-element elementor-element-325493ee elementor-widget elementor-widget-heading\" data-id=\"325493ee\" data-element_type=\"widget\" data-e-type=\"widget\" data-widget_type=\"heading.default\">\n\t\t\t\t\t<h5 class=\"elementor-heading-title elementor-size-default\">Parteneriate de \u00eencredere<\/h5>\t\t\t\t<\/div>\n\t\t\t\t<div class=\"elementor-element elementor-element-b03abf3 elementor-widget elementor-widget-heading\" data-id=\"b03abf3\" data-element_type=\"widget\" data-e-type=\"widget\" data-widget_type=\"heading.default\">\n\t\t\t\t\t<h2 class=\"elementor-heading-title elementor-size-default\">Parteneriate pentru solu\u021bii inovatoare \u00een aromatizare<\/h2>\t\t\t\t<\/div>\n\t\t\t\t<div class=\"elementor-element elementor-element-1126fe6d elementor-widget elementor-widget-heading\" data-id=\"1126fe6d\" data-element_type=\"widget\" data-e-type=\"widget\" data-widget_type=\"heading.default\">\n\t\t\t\t\t<p class=\"elementor-heading-title elementor-size-default\">Pe segmentul de arome, parteneriatul de aproape un deceniu cu Prova SAS Fran\u021ba (www.prova.fr\n), pentru care suntem distribuitori unici pentru Rom\u00e2nia, Republica Moldova \u0219i Bulgaria, ne ajut\u0103, prin aplicarea solu\u021biilor novatoare ale Prova, s\u0103 ne sus\u021binem partenerii \u2013 clien\u021bi, produc\u0103tori din pie\u021bele pe care le deservim \u2013 \u00een identificarea \u0219i punerea \u00een practic\u0103 a celor mai bune solu\u021bii de aromatizare.<\/p>\t\t\t\t<\/div>\n\t\t\t\t<\/div>\n\t\t<div class=\"elementor-element elementor-element-3d92da6b e-con-full e-flex elementor-invisible e-con e-child\" data-id=\"3d92da6b\" data-element_type=\"container\" data-e-type=\"container\" data-settings=\"{&quot;animation&quot;:&quot;fadeInUp&quot;}\">\n\t\t<div class=\"elementor-element elementor-element-4a1fe136 e-con-full e-flex e-con e-child\" data-id=\"4a1fe136\" data-element_type=\"container\" data-e-type=\"container\">\n\t\t\t\t<div class=\"elementor-element elementor-element-6231dea elementor-widget elementor-widget-image\" data-id=\"6231dea\" data-element_type=\"widget\" data-e-type=\"widget\" data-widget_type=\"image.default\">\n\t\t\t\t\t\t\t\t\t\t\t\t\t\t\t<img decoding=\"async\" src=\"https:\/\/paginamea.ro\/zitaquality\/wp-content\/uploads\/elementor\/thumbs\/FHA-Prova-B0032457-2-rk1utzwfqbuzb5omle6utanpcriojxd9rwt7pxn5lc.webp\" title=\"FHA-Prova-B0032457-2\" alt=\"FHA-Prova-B0032457-2\" loading=\"lazy\" \/>\t\t\t\t\t\t\t\t\t\t\t\t\t\t\t<\/div>\n\t\t\t\t<div class=\"elementor-element elementor-element-086cc9c elementor-widget elementor-widget-text-editor\" data-id=\"086cc9c\" data-element_type=\"widget\" data-e-type=\"widget\" data-widget_type=\"text-editor.default\">\n\t\t\t\t\t\t\t\t\t<p style=\"text-align: center;\">\u00cenfiin\u021bat\u0103 \u00een 1946, <img loading=\"lazy\" decoding=\"async\" class=\"size-full wp-image-3262 aligncenter\" src=\"https:\/\/paginamea.ro\/zitaquality\/wp-content\/uploads\/2026\/03\/image-6.png\" alt=\"\" width=\"246\" height=\"64\" \/>\u00a0este \u00een primul r\u00e2nd povestea unei afaceri de familie care, datorit\u0103 pasiunii \u0219i expertizei echipelor sale, continu\u0103 s\u0103 \u00eembun\u0103t\u0103\u021beasc\u0103 profilul pozi\u021bion\u0103rii sale unice ca \u201eexpert \u00een sweet brown flavors\u201d \u00een industria alimentar\u0103.<\/p>\t\t\t\t\t\t\t\t<\/div>\n\t\t\t\t<\/div>\n\t\t<div class=\"elementor-element elementor-element-fb42667 e-con-full e-flex e-con e-child\" data-id=\"fb42667\" data-element_type=\"container\" data-e-type=\"container\">\n\t\t\t\t<div class=\"elementor-element elementor-element-e3849f1 elementor-widget elementor-widget-image\" data-id=\"e3849f1\" data-element_type=\"widget\" data-e-type=\"widget\" data-widget_type=\"image.default\">\n\t\t\t\t\t\t\t\t\t\t\t\t\t\t\t<img loading=\"lazy\" decoding=\"async\" width=\"1000\" height=\"1000\" src=\"https:\/\/paginamea.ro\/zitaquality\/wp-content\/uploads\/2026\/03\/FHA-Prova-B0032892-2-1000x1000-1.webp\" class=\"attachment-large size-large wp-image-3127\" alt=\"\" srcset=\"https:\/\/paginamea.ro\/zitaquality\/wp-content\/uploads\/2026\/03\/FHA-Prova-B0032892-2-1000x1000-1.webp 1000w, https:\/\/paginamea.ro\/zitaquality\/wp-content\/uploads\/2026\/03\/FHA-Prova-B0032892-2-1000x1000-1-300x300.webp 300w, https:\/\/paginamea.ro\/zitaquality\/wp-content\/uploads\/2026\/03\/FHA-Prova-B0032892-2-1000x1000-1-150x150.webp 150w, https:\/\/paginamea.ro\/zitaquality\/wp-content\/uploads\/2026\/03\/FHA-Prova-B0032892-2-1000x1000-1-768x768.webp 768w\" sizes=\"(max-width: 1000px) 100vw, 1000px\" \/>\t\t\t\t\t\t\t\t\t\t\t\t\t\t\t<\/div>\n\t\t\t\t<div class=\"elementor-element elementor-element-d6f0959 elementor-widget elementor-widget-heading\" data-id=\"d6f0959\" data-element_type=\"widget\" data-e-type=\"widget\" data-widget_type=\"heading.default\">\n\t\t\t\t\t<p class=\"elementor-heading-title elementor-size-default\">Vanilie, cacao, cafea \u0219i o palet\u0103 larg\u0103 de note gourmet stau ca dovad\u0103 a standardului \u00eenalt atins. Combinarea orizonturilor olfactive \u0219i tehnice a dus la ideea unei palete aromatice care s-a dezvoltat \u0219i s-a extins \u00een timp.<\/p>\t\t\t\t<\/div>\n\t\t\t\t<\/div>\n\t\t\t\t<\/div>\n\t\t\t\t\t<\/div>\n\t\t\t\t<\/div>\n\t\t\t\t<\/div>\n\t\t","protected":false},"excerpt":{"rendered":"<p>Despre noi Descoper\u0103 mai multe despre activitatea noastr\u0103 Zita Quality Support Services SRL a fost \u00eenfiin\u021bat\u0103 \u0219i \u0219i-a \u00eenceput activitatea \u00een anul 2011. Suntem o afacere de familie, la a 3-a genera\u021bie, av\u00e2nd ca fundament o solid\u0103 preg\u0103tire \u00een domeniu \u0219i principii solide de parteneriat \u00een dezvoltarea afacerii, at\u00e2t cu furnizorii, c\u00e2t \u0219i cu clien\u021bii [&hellip;]<\/p>\n","protected":false},"author":1,"featured_media":0,"parent":0,"menu_order":0,"comment_status":"closed","ping_status":"closed","template":"elementor_header_footer","meta":{"footnotes":""},"class_list":["post-1969","page","type-page","status-publish","hentry"],"_links":{"self":[{"href":"https:\/\/paginamea.ro\/zitaquality\/wp-json\/wp\/v2\/pages\/1969","targetHints":{"allow":["GET"]}}],"collection":[{"href":"https:\/\/paginamea.ro\/zitaquality\/wp-json\/wp\/v2\/pages"}],"about":[{"href":"https:\/\/paginamea.ro\/zitaquality\/wp-json\/wp\/v2\/types\/page"}],"author":[{"embeddable":true,"href":"https:\/\/paginamea.ro\/zitaquality\/wp-json\/wp\/v2\/users\/1"}],"replies":[{"embeddable":true,"href":"https:\/\/paginamea.ro\/zitaquality\/wp-json\/wp\/v2\/comments?post=1969"}],"version-history":[{"count":34,"href":"https:\/\/paginamea.ro\/zitaquality\/wp-json\/wp\/v2\/pages\/1969\/revisions"}],"predecessor-version":[{"id":3272,"href":"https:\/\/paginamea.ro\/zitaquality\/wp-json\/wp\/v2\/pages\/1969\/revisions\/3272"}],"wp:attachment":[{"href":"https:\/\/paginamea.ro\/zitaquality\/wp-json\/wp\/v2\/media?parent=1969"}],"curies":[{"name":"wp","href":"https:\/\/api.w.org\/{rel}","templated":true}]}}