{"id":1971,"date":"2025-07-08T12:57:27","date_gmt":"2025-07-08T12:57:27","guid":{"rendered":"https:\/\/elementor-kits-06.nicdark.com\/?page_id=1971"},"modified":"2026-03-27T14:10:44","modified_gmt":"2026-03-27T12:10:44","slug":"produse","status":"publish","type":"page","link":"https:\/\/paginamea.ro\/zitaquality\/produse\/","title":{"rendered":"Produsele noastre"},"content":{"rendered":"\t\t<div data-elementor-type=\"wp-page\" data-elementor-id=\"1971\" class=\"elementor elementor-1971\" data-elementor-post-type=\"page\">\n\t\t\t\t<div class=\"elementor-element elementor-element-180542b1 e-flex e-con-boxed e-con e-parent\" data-id=\"180542b1\" data-element_type=\"container\" data-e-type=\"container\" data-settings=\"{&quot;background_background&quot;:&quot;classic&quot;,&quot;shape_divider_bottom&quot;:&quot;waves&quot;}\">\n\t\t\t\t\t<div class=\"e-con-inner\">\n\t\t\t\t<div class=\"elementor-shape elementor-shape-bottom\" aria-hidden=\"true\" data-negative=\"false\">\n\t\t\t<svg xmlns=\"http:\/\/www.w3.org\/2000\/svg\" viewBox=\"0 0 1000 100\" preserveAspectRatio=\"none\">\n\t<path class=\"elementor-shape-fill\" d=\"M421.9,6.5c22.6-2.5,51.5,0.4,75.5,5.3c23.6,4.9,70.9,23.5,100.5,35.7c75.8,32.2,133.7,44.5,192.6,49.7\n\tc23.6,2.1,48.7,3.5,103.4-2.5c54.7-6,106.2-25.6,106.2-25.6V0H0v30.3c0,0,72,32.6,158.4,30.5c39.2-0.7,92.8-6.7,134-22.4\n\tc21.2-8.1,52.2-18.2,79.7-24.2C399.3,7.9,411.6,7.5,421.9,6.5z\"\/>\n<\/svg>\t\t<\/div>\n\t\t<div class=\"elementor-element elementor-element-11b036ee e-con-full e-flex elementor-invisible e-con e-child\" data-id=\"11b036ee\" data-element_type=\"container\" data-e-type=\"container\" data-settings=\"{&quot;animation&quot;:&quot;fadeInUp&quot;,&quot;animation_delay&quot;:&quot;200&quot;}\">\n\t\t\t\t<div class=\"elementor-element elementor-element-12d0de57 elementor-widget elementor-widget-heading\" data-id=\"12d0de57\" data-element_type=\"widget\" data-e-type=\"widget\" data-widget_type=\"heading.default\">\n\t\t\t\t\t<h5 class=\"elementor-heading-title elementor-size-default\">Zita Quality Support Services | Arome \u0219i ingrediente pentru industria alimentar\u0103<\/h5>\t\t\t\t<\/div>\n\t\t\t\t<\/div>\n\t\t\t\t\t<\/div>\n\t\t\t\t<\/div>\n\t\t<div class=\"elementor-element elementor-element-34dc708b e-flex e-con-boxed e-con e-parent\" data-id=\"34dc708b\" data-element_type=\"container\" data-e-type=\"container\" data-settings=\"{&quot;background_background&quot;:&quot;classic&quot;}\">\n\t\t\t\t\t<div class=\"e-con-inner\">\n\t\t<div class=\"elementor-element elementor-element-1959548d e-con-full e-flex e-con e-child\" data-id=\"1959548d\" data-element_type=\"container\" data-e-type=\"container\">\n\t\t<div class=\"elementor-element elementor-element-23c4dd6 e-con-full e-flex e-con e-child\" data-id=\"23c4dd6\" data-element_type=\"container\" data-e-type=\"container\">\n\t\t\t\t<div class=\"elementor-element elementor-element-ae74a73 elementor-widget elementor-widget-image\" data-id=\"ae74a73\" data-element_type=\"widget\" data-e-type=\"widget\" data-widget_type=\"image.default\">\n\t\t\t\t\t\t\t\t\t\t\t\t\t\t\t<img fetchpriority=\"high\" decoding=\"async\" width=\"600\" height=\"400\" src=\"https:\/\/paginamea.ro\/zitaquality\/wp-content\/uploads\/2026\/03\/25.webp\" class=\"attachment-large size-large wp-image-3182\" alt=\"\" srcset=\"https:\/\/paginamea.ro\/zitaquality\/wp-content\/uploads\/2026\/03\/25.webp 600w, https:\/\/paginamea.ro\/zitaquality\/wp-content\/uploads\/2026\/03\/25-300x200.webp 300w\" sizes=\"(max-width: 600px) 100vw, 600px\" \/>\t\t\t\t\t\t\t\t\t\t\t\t\t\t\t<\/div>\n\t\t\t\t<\/div>\n\t\t<div class=\"elementor-element elementor-element-63616dc9 e-con-full e-flex elementor-invisible e-con e-child\" data-id=\"63616dc9\" data-element_type=\"container\" data-e-type=\"container\" data-settings=\"{&quot;animation&quot;:&quot;fadeIn&quot;,&quot;animation_delay&quot;:&quot;400&quot;}\">\n\t\t\t\t<div class=\"elementor-element elementor-element-6929b417 elementor-widget elementor-widget-heading\" data-id=\"6929b417\" data-element_type=\"widget\" data-e-type=\"widget\" data-widget_type=\"heading.default\">\n\t\t\t\t\t<h2 class=\"elementor-heading-title elementor-size-default\">Arome\n<\/h2>\t\t\t\t<\/div>\n\t\t\t\t<div class=\"elementor-element elementor-element-60219152 elementor-widget elementor-widget-heading\" data-id=\"60219152\" data-element_type=\"widget\" data-e-type=\"widget\" data-widget_type=\"heading.default\">\n\t\t\t\t\t<p class=\"elementor-heading-title elementor-size-default\">Parteneriatul de aproape un deceniu cu Prova SAS Fran\u021ba, pentru care suntem distribuitori unici pentru Rom\u00e2nia, Republica Moldova \u0219i Bulgaria, ne ajut\u0103, prin aplicarea solu\u021biilor novatoare ale Prova, s\u0103 ne sus\u021binem partenerii \u2013 clien\u021bi, produc\u0103tori din pie\u021bele pe care le deservim \u2013 \u00een identificarea \u0219i punerea \u00een practic\u0103 a celor mai bune solu\u021bii de aromatizare.<\/p>\t\t\t\t<\/div>\n\t\t\t\t<div class=\"elementor-element elementor-element-7f0eb5ad elementor-widget elementor-widget-heading\" data-id=\"7f0eb5ad\" data-element_type=\"widget\" data-e-type=\"widget\" data-widget_type=\"heading.default\">\n\t\t\t\t\t<p class=\"elementor-heading-title elementor-size-default\">\u00cenfiin\u021bat\u0103 \u00een 1946, PROVA este, \u00een primul r\u00e2nd, povestea unei afaceri de familie care, datorit\u0103 pasiunii \u0219i expertizei echipelor sale, continu\u0103 s\u0103 \u00eembun\u0103t\u0103\u021beasc\u0103 profilul pozi\u021bion\u0103rii sale unice ca \u201eexpert \u00een sweet brown flavors\u201d \u00een industria alimentar\u0103.<\/p>\t\t\t\t<\/div>\n\t\t\t\t<div class=\"elementor-element elementor-element-ded00e6 elementor-widget elementor-widget-heading\" data-id=\"ded00e6\" data-element_type=\"widget\" data-e-type=\"widget\" data-widget_type=\"heading.default\">\n\t\t\t\t\t<p class=\"elementor-heading-title elementor-size-default\">Vanilia, cacaoa, cafeaua \u0219i o palet\u0103 larg\u0103 de note Gourmet stau ca dovad\u0103 a standardului \u00eenalt atins.<\/p>\t\t\t\t<\/div>\n\t\t\t\t<div class=\"elementor-element elementor-element-76cbd90 elementor-widget elementor-widget-heading\" data-id=\"76cbd90\" data-element_type=\"widget\" data-e-type=\"widget\" data-widget_type=\"heading.default\">\n\t\t\t\t\t<p class=\"elementor-heading-title elementor-size-default\">Combinarea orizonturilor olfactive \u0219i tehnice a dus la ideea unei palete aromatice care s-a dezvoltat \u0219i s-a extins \u00een timp.<\/p>\t\t\t\t<\/div>\n\t\t\t\t<div class=\"elementor-element elementor-element-3dfa03b5 elementor-mobile-align-center elementor-widget elementor-widget-button\" data-id=\"3dfa03b5\" data-element_type=\"widget\" data-e-type=\"widget\" data-widget_type=\"button.default\">\n\t\t\t\t\t\t\t\t\t\t<a class=\"elementor-button elementor-button-link elementor-size-sm elementor-animation-shrink\" href=\"https:\/\/paginamea.ro\/zitaquality\/contact\">\n\t\t\t\t\t\t<span class=\"elementor-button-content-wrapper\">\n\t\t\t\t\t\t\t\t\t<span class=\"elementor-button-text\">Hai s\u0103 le testezi<\/span>\n\t\t\t\t\t<\/span>\n\t\t\t\t\t<\/a>\n\t\t\t\t\t\t\t\t<\/div>\n\t\t\t\t<\/div>\n\t\t\t\t<\/div>\n\t\t\t\t\t<\/div>\n\t\t\t\t<\/div>\n\t\t<div class=\"elementor-element elementor-element-4b4b3b2a e-flex e-con-boxed e-con e-parent\" data-id=\"4b4b3b2a\" data-element_type=\"container\" data-e-type=\"container\" data-settings=\"{&quot;background_background&quot;:&quot;classic&quot;}\">\n\t\t\t\t\t<div class=\"e-con-inner\">\n\t\t<div class=\"elementor-element elementor-element-4b54d046 e-con-full e-flex e-con e-child\" data-id=\"4b54d046\" data-element_type=\"container\" data-e-type=\"container\">\n\t\t<div class=\"elementor-element elementor-element-9285f34 e-con-full e-flex e-con e-child\" data-id=\"9285f34\" data-element_type=\"container\" data-e-type=\"container\">\n\t\t\t\t<div class=\"elementor-element elementor-element-4c02bf19 elementor-widget elementor-widget-heading\" data-id=\"4c02bf19\" data-element_type=\"widget\" data-e-type=\"widget\" data-widget_type=\"heading.default\">\n\t\t\t\t\t<h2 class=\"elementor-heading-title elementor-size-default\">O gam\u0103 variat\u0103 de arome gourmet<\/h2>\t\t\t\t<\/div>\n\t\t\t\t<div class=\"elementor-element elementor-element-acc3a0f elementor-widget elementor-widget-text-editor\" data-id=\"acc3a0f\" data-element_type=\"widget\" data-e-type=\"widget\" data-widget_type=\"text-editor.default\">\n\t\t\t\t\t\t\t\t\t<p>\nDac\u0103 \u00een categoriile primare raportarea la familiile de arome este simpl\u0103, dar cu o imens\u0103 varietate de profiluri de gust \u0219i arome, \u00een categoria <strong>Gourmet<\/strong> surpriza este \u0219i mai mare.\n<\/p>\n\n<p><strong>GOURMET (Bakery, Pastry, Confectionery)<\/strong><\/p>\n\n<ul>\n<li><strong>Bakery notes:<\/strong> Brownie, Biscuit, Cookies &amp; Cream, Lebkuchen, Speculoos, Gingerbread<\/li>\n<li><strong>Pastry notes:<\/strong> Cr\u00e8me br\u00fbl\u00e9e, Tiramisu, Zabaglione, Pudding, Apple pie, Panettone, Black Forest, Apfelstrudel<\/li>\n<li><strong>Confectionery notes:<\/strong> French nougat, Praline paste, Gianduja, Cotton candy<\/li>\n<\/ul>\n\n<p><strong>CARAMEL<\/strong><\/p>\n<p>Fudge caramel, Sweet caramel, Toffee, Butterscotch, Dulce de Leche, Roasted caramel, Coumarin-like, Fudge<\/p>\n\n<p><strong>NUTS<\/strong><\/p>\n<p>Hazelnut, Almond, Chestnut, Pistachio, Coconut, Pecan, Peanut, Walnut, Pine<\/p>\n\n<p><strong>DAIRY<\/strong><\/p>\n<p>Milk, Condensed milk, Butter, Cream, Panna cotta, Yoghurt<\/p>\n\n<p><strong>ALCOHOL<\/strong><\/p>\n<p>Colorados, Irish cream, Marsala, Rum, Brandy, Amaretto, Vodka, Whisky, Cocktail flavour, Tequila<\/p>\n\n<p>\n<strong>Dar \u0219i altele<\/strong>, cum ar fi: Honey, Malt, Chai, Earl Grey, Ginger, Fig, Licorice, Maple, Sugar Enhancer.\n<\/p>\n\n<p>\n\u00cen egal\u0103 m\u0103sur\u0103, avem \u00een portofoliu o gam\u0103 larg\u0103 de <strong>arome de fructe sau flori<\/strong>, care acoper\u0103 spectrul fructelor obi\u0219nuite \u0219i, \u00een egal\u0103 m\u0103sur\u0103, pe cele mai exotice, arome produse de <strong>companii europene de renume<\/strong>.\n<\/p>\n\n<p>\nToate aromele sunt disponibile \u00een <strong>formul\u0103ri aplicabile pentru diverse proiecte<\/strong> \u2013 solubile \u00een ap\u0103 sau ulei, stabile la c\u0103ldur\u0103, cu certificare <strong>Bio, Kosher sau Halal<\/strong>.\n<\/p>\t\t\t\t\t\t\t\t<\/div>\n\t\t\t\t<\/div>\n\t\t\t\t<\/div>\n\t\t<div class=\"elementor-element elementor-element-5582ddda e-con-full e-flex e-con e-child\" data-id=\"5582ddda\" data-element_type=\"container\" data-e-type=\"container\">\n\t\t<div class=\"elementor-element elementor-element-43b75a11 e-flex e-con-boxed elementor-invisible e-con e-child\" data-id=\"43b75a11\" data-element_type=\"container\" data-e-type=\"container\" data-settings=\"{&quot;animation&quot;:&quot;fadeIn&quot;}\">\n\t\t\t\t\t<div class=\"e-con-inner\">\n\t\t\t\t<div class=\"elementor-element elementor-element-9e69d5f elementor-widget elementor-widget-image\" data-id=\"9e69d5f\" data-element_type=\"widget\" data-e-type=\"widget\" data-widget_type=\"image.default\">\n\t\t\t\t\t\t\t\t\t\t\t\t\t\t\t<img decoding=\"async\" width=\"700\" height=\"464\" src=\"https:\/\/paginamea.ro\/zitaquality\/wp-content\/uploads\/2026\/03\/24.webp\" class=\"attachment-large size-large wp-image-3180\" alt=\"\" srcset=\"https:\/\/paginamea.ro\/zitaquality\/wp-content\/uploads\/2026\/03\/24.webp 700w, https:\/\/paginamea.ro\/zitaquality\/wp-content\/uploads\/2026\/03\/24-300x199.webp 300w\" sizes=\"(max-width: 700px) 100vw, 700px\" \/>\t\t\t\t\t\t\t\t\t\t\t\t\t\t\t<\/div>\n\t\t\t\t<div class=\"elementor-element elementor-element-91ec568 elementor-widget elementor-widget-image\" data-id=\"91ec568\" data-element_type=\"widget\" data-e-type=\"widget\" data-widget_type=\"image.default\">\n\t\t\t\t\t\t\t\t\t\t\t\t\t\t\t<img decoding=\"async\" width=\"700\" height=\"464\" src=\"https:\/\/paginamea.ro\/zitaquality\/wp-content\/uploads\/2026\/03\/23.webp\" class=\"attachment-large size-large wp-image-3178\" alt=\"\" srcset=\"https:\/\/paginamea.ro\/zitaquality\/wp-content\/uploads\/2026\/03\/23.webp 700w, https:\/\/paginamea.ro\/zitaquality\/wp-content\/uploads\/2026\/03\/23-300x199.webp 300w\" sizes=\"(max-width: 700px) 100vw, 700px\" \/>\t\t\t\t\t\t\t\t\t\t\t\t\t\t\t<\/div>\n\t\t\t\t\t<\/div>\n\t\t\t\t<\/div>\n\t\t\t\t<\/div>\n\t\t\t\t\t<\/div>\n\t\t\t\t<\/div>\n\t\t<div class=\"elementor-element elementor-element-b3e6f4d e-flex e-con-boxed e-con e-parent\" data-id=\"b3e6f4d\" data-element_type=\"container\" data-e-type=\"container\" data-settings=\"{&quot;background_background&quot;:&quot;classic&quot;}\">\n\t\t\t\t\t<div class=\"e-con-inner\">\n\t\t<div class=\"elementor-element elementor-element-1cef3fb e-con-full e-flex e-con e-child\" data-id=\"1cef3fb\" data-element_type=\"container\" data-e-type=\"container\">\n\t\t<div class=\"elementor-element elementor-element-ed6c450 e-con-full e-flex e-con e-child\" data-id=\"ed6c450\" data-element_type=\"container\" data-e-type=\"container\">\n\t\t\t\t<div class=\"elementor-element elementor-element-c5878e6 elementor-widget elementor-widget-image\" data-id=\"c5878e6\" data-element_type=\"widget\" data-e-type=\"widget\" data-widget_type=\"image.default\">\n\t\t\t\t\t\t\t\t\t\t\t\t\t\t\t<img loading=\"lazy\" decoding=\"async\" width=\"600\" height=\"400\" src=\"https:\/\/paginamea.ro\/zitaquality\/wp-content\/uploads\/2026\/03\/26.webp\" class=\"attachment-large size-large wp-image-3181\" alt=\"\" srcset=\"https:\/\/paginamea.ro\/zitaquality\/wp-content\/uploads\/2026\/03\/26.webp 600w, https:\/\/paginamea.ro\/zitaquality\/wp-content\/uploads\/2026\/03\/26-300x200.webp 300w\" sizes=\"(max-width: 600px) 100vw, 600px\" \/>\t\t\t\t\t\t\t\t\t\t\t\t\t\t\t<\/div>\n\t\t\t\t<\/div>\n\t\t<div class=\"elementor-element elementor-element-1c29708 e-con-full e-flex elementor-invisible e-con e-child\" data-id=\"1c29708\" data-element_type=\"container\" data-e-type=\"container\" data-settings=\"{&quot;animation&quot;:&quot;fadeIn&quot;,&quot;animation_delay&quot;:&quot;400&quot;}\">\n\t\t\t\t<div class=\"elementor-element elementor-element-abbfe94 elementor-widget elementor-widget-text-editor\" data-id=\"abbfe94\" data-element_type=\"widget\" data-e-type=\"widget\" data-widget_type=\"text-editor.default\">\n\t\t\t\t\t\t\t\t\t<p>\nO alt\u0103 categorie de produse din portofoliul nostru o reprezint\u0103 <strong>coloran\u021bii naturali sau artificiali<\/strong>.\n<\/p>\n\n<p>\n\u00cen r\u00e2ndul coloran\u021bilor, ponderea este reprezentat\u0103 de <strong>colorantul caramel<\/strong>, av\u00e2nd cea mai larg\u0103 aplicabilitate \u00een industria alimentar\u0103, fie c\u0103 vorbim de patiserie, b\u0103uturi alcoolice sau r\u0103coritoare, deserturi, produse lactate etc.\n<\/p>\n\n<p>\nAcesta este urmat de categoria <strong>\u201cRed Colors\u201d<\/strong>:\n<\/p>\n\n<ul>\n<li><strong>Antocianine<\/strong> (struguri, varz\u0103 ro\u0219ie sau morcov negru)<\/li>\n<li><strong>Sucuri concentrate<\/strong> (morcov negru \u0219i sfecl\u0103 ro\u0219ie)<\/li>\n<li><strong>Suc de struguri<\/strong> (NFC, must \u00eendulcit sau ne\u00eendulcit, suc concentrat, suc organic)<\/li>\n<\/ul>\n\n<p>\nDar nu ne limit\u0103m la aceste produse \u2013 filozofia noastr\u0103 de business ne plaseaz\u0103 \u00eentotdeauna \u00een pozi\u021bia de a oferi asisten\u021b\u0103 \u0219i de a g\u0103si solu\u021bii pentru clien\u021bii no\u0219tri.\n<\/p>\n\n<p>\nAstfel, \u00een portofoliul nostru de produse se reg\u0103sesc \u0219i <strong>fructe \u0219i legume deshidratate<\/strong>, <strong>piureuri simple sau concentrate<\/strong>, <strong>sucuri concentrate<\/strong>, precum \u0219i <strong>savouries \/ seasonings (arome s\u0103rate)<\/strong>.\n<\/p>\t\t\t\t\t\t\t\t<\/div>\n\t\t\t\t<\/div>\n\t\t\t\t<\/div>\n\t\t\t\t\t<\/div>\n\t\t\t\t<\/div>\n\t\t<div class=\"elementor-element elementor-element-715ea49a e-flex e-con-boxed e-con e-parent\" data-id=\"715ea49a\" data-element_type=\"container\" data-e-type=\"container\" data-settings=\"{&quot;background_background&quot;:&quot;classic&quot;}\">\n\t\t\t\t\t<div class=\"e-con-inner\">\n\t\t<div class=\"elementor-element elementor-element-3a3c0284 e-con-full e-flex e-con e-child\" data-id=\"3a3c0284\" data-element_type=\"container\" data-e-type=\"container\">\n\t\t<div class=\"elementor-element elementor-element-60819f2 e-flex e-con-boxed e-con e-child\" data-id=\"60819f2\" data-element_type=\"container\" data-e-type=\"container\">\n\t\t\t\t\t<div class=\"e-con-inner\">\n\t\t\t\t<div class=\"elementor-element elementor-element-47999ab elementor-widget__width-initial elementor-widget elementor-widget-image\" data-id=\"47999ab\" data-element_type=\"widget\" data-e-type=\"widget\" data-widget_type=\"image.default\">\n\t\t\t\t\t\t\t\t\t\t\t\t\t\t\t<img loading=\"lazy\" decoding=\"async\" width=\"532\" height=\"473\" src=\"https:\/\/paginamea.ro\/zitaquality\/wp-content\/uploads\/2026\/03\/cosphatec-logo.jpg\" class=\"attachment-large size-large wp-image-3249\" alt=\"\" srcset=\"https:\/\/paginamea.ro\/zitaquality\/wp-content\/uploads\/2026\/03\/cosphatec-logo.jpg 532w, https:\/\/paginamea.ro\/zitaquality\/wp-content\/uploads\/2026\/03\/cosphatec-logo-300x267.jpg 300w\" sizes=\"(max-width: 532px) 100vw, 532px\" \/>\t\t\t\t\t\t\t\t\t\t\t\t\t\t\t<\/div>\n\t\t\t\t<div class=\"elementor-element elementor-element-2fc3e715 elementor-widget elementor-widget-image\" data-id=\"2fc3e715\" data-element_type=\"widget\" data-e-type=\"widget\" data-widget_type=\"image.default\">\n\t\t\t\t\t\t\t\t\t\t\t\t\t\t\t<img loading=\"lazy\" decoding=\"async\" width=\"183\" height=\"275\" src=\"https:\/\/paginamea.ro\/zitaquality\/wp-content\/uploads\/2026\/03\/image-9.png\" class=\"attachment-large size-large wp-image-3266\" alt=\"\" \/>\t\t\t\t\t\t\t\t\t\t\t\t\t\t\t<\/div>\n\t\t\t\t\t<\/div>\n\t\t\t\t<\/div>\n\t\t\t\t<\/div>\n\t\t<div class=\"elementor-element elementor-element-536221a8 e-con-full e-flex elementor-invisible e-con e-child\" data-id=\"536221a8\" data-element_type=\"container\" data-e-type=\"container\" data-settings=\"{&quot;animation&quot;:&quot;fadeIn&quot;}\">\n\t\t\t\t<div class=\"elementor-element elementor-element-6e6fc8d elementor-widget elementor-widget-heading\" data-id=\"6e6fc8d\" data-element_type=\"widget\" data-e-type=\"widget\" data-widget_type=\"heading.default\">\n\t\t\t\t\t<h2 class=\"elementor-heading-title elementor-size-default\">Ingrediente pentru industria cosmetic\u0103 <\/h2>\t\t\t\t<\/div>\n\t\t\t\t<div class=\"elementor-element elementor-element-274cb7a elementor-widget elementor-widget-text-editor\" data-id=\"274cb7a\" data-element_type=\"widget\" data-e-type=\"widget\" data-widget_type=\"text-editor.default\">\n\t\t\t\t\t\t\t\t\t<p>Cosphatec, prin produsele sale care au la baza materii prime biodegradabile care provin din surse sustenabile \u0219i naturale,\u00a0are grij\u0103 at\u00e2t de toleran\u021ba pielii, c\u00e2t \u0219i de natur\u0103 \u00een acela\u0219i timp.\u00a0\u00a0<\/p><p>\u00a0<\/p><p>Acestea sunt testate conform celor mai \u00eenalte standarde de calitate germane pentru a garanta cel mai bun efect posibil asupra pielii.<\/p><p>\u00a0<\/p><p>Toate materiile prime sunt vegane\u00a0\u0219i nu con\u021bin OMG-uri.<\/p><p>\u00a0<\/p><p>Produsele principale din portofoliu\u00a0 sunt conforme cu COSMOS.\u00a0 \u00a0<\/p><p>\u00a0<\/p><p>Solicitati detalii si mostre si beneficia\u021bi de stabilitate natural\u0103 pentru cosmeticele moderne!<\/p>\t\t\t\t\t\t\t\t<\/div>\n\t\t\t\t<\/div>\n\t\t\t\t\t<\/div>\n\t\t\t\t<\/div>\n\t\t\t\t<\/div>\n\t\t","protected":false},"excerpt":{"rendered":"<p>Arome Parteneriatul de aproape un deceniu cu Prova SAS Fran\u021ba, pentru care suntem distribuitori unici pentru Rom\u00e2nia, Republica Moldova \u0219i Bulgaria, ne ajut\u0103, prin aplicarea solu\u021biilor novatoare ale Prova, s\u0103 ne sus\u021binem partenerii \u2013 clien\u021bi, produc\u0103tori din pie\u021bele pe care le deservim \u2013 \u00een identificarea \u0219i punerea \u00een practic\u0103 a celor mai bune solu\u021bii de [&hellip;]<\/p>\n","protected":false},"author":1,"featured_media":0,"parent":0,"menu_order":0,"comment_status":"closed","ping_status":"closed","template":"elementor_header_footer","meta":{"footnotes":""},"class_list":["post-1971","page","type-page","status-publish","hentry"],"_links":{"self":[{"href":"https:\/\/paginamea.ro\/zitaquality\/wp-json\/wp\/v2\/pages\/1971","targetHints":{"allow":["GET"]}}],"collection":[{"href":"https:\/\/paginamea.ro\/zitaquality\/wp-json\/wp\/v2\/pages"}],"about":[{"href":"https:\/\/paginamea.ro\/zitaquality\/wp-json\/wp\/v2\/types\/page"}],"author":[{"embeddable":true,"href":"https:\/\/paginamea.ro\/zitaquality\/wp-json\/wp\/v2\/users\/1"}],"replies":[{"embeddable":true,"href":"https:\/\/paginamea.ro\/zitaquality\/wp-json\/wp\/v2\/comments?post=1971"}],"version-history":[{"count":25,"href":"https:\/\/paginamea.ro\/zitaquality\/wp-json\/wp\/v2\/pages\/1971\/revisions"}],"predecessor-version":[{"id":3285,"href":"https:\/\/paginamea.ro\/zitaquality\/wp-json\/wp\/v2\/pages\/1971\/revisions\/3285"}],"wp:attachment":[{"href":"https:\/\/paginamea.ro\/zitaquality\/wp-json\/wp\/v2\/media?parent=1971"}],"curies":[{"name":"wp","href":"https:\/\/api.w.org\/{rel}","templated":true}]}}